{"id":144,"date":"2024-04-27T04:51:07","date_gmt":"2024-04-27T04:51:07","guid":{"rendered":"https:\/\/simplon.ci\/n\/?page_id=128"},"modified":"2024-06-24T15:03:28","modified_gmt":"2024-06-24T13:03:28","slug":"faq","status":"publish","type":"page","link":"https:\/\/workforce.simplon.ci\/index.php\/faq\/","title":{"rendered":"FAQ"},"content":{"rendered":"\t\t<div data-elementor-type=\"wp-page\" data-elementor-id=\"144\" class=\"elementor elementor-144\" data-elementor-post-type=\"page\">\n\t\t\t\t<div class=\"elementor-element elementor-element-47c68f1f e-flex e-con-boxed e-con e-parent\" data-id=\"47c68f1f\" data-element_type=\"container\" data-e-type=\"container\">\n\t\t\t\t\t<div class=\"e-con-inner\">\n\t\t\t\t<div class=\"elementor-element elementor-element-57583483 elementor-widget-divider--view-line elementor-widget elementor-widget-divider\" data-id=\"57583483\" data-element_type=\"widget\" data-e-type=\"widget\" data-widget_type=\"divider.default\">\n\t\t\t\t<div class=\"elementor-widget-container\">\n\t\t\t\t\t\t\t<div class=\"elementor-divider\">\n\t\t\t<span class=\"elementor-divider-separator\">\n\t\t\t\t\t\t<\/span>\n\t\t<\/div>\n\t\t\t\t\t\t<\/div>\n\t\t\t\t<\/div>\n\t\t\t\t<div class=\"elementor-element elementor-element-ef89389 elementor-widget__width-initial elementor-widget-tablet__width-initial elementor-widget-mobile__width-initial elementor-widget elementor-widget-heading\" data-id=\"ef89389\" data-element_type=\"widget\" data-e-type=\"widget\" data-widget_type=\"heading.default\">\n\t\t\t\t<div class=\"elementor-widget-container\">\n\t\t\t\t\t<h1 class=\"elementor-heading-title elementor-size-default\">Toutes vos r\u00e9ponses sont ici<\/h1>\t\t\t\t<\/div>\n\t\t\t\t<\/div>\n\t\t\t\t<div class=\"elementor-element elementor-element-0836e7b elementor-widget elementor-widget-text-editor\" data-id=\"0836e7b\" data-element_type=\"widget\" data-e-type=\"widget\" data-widget_type=\"text-editor.default\">\n\t\t\t\t<div class=\"elementor-widget-container\">\n\t\t\t\t\t\t\t\t\t<a href=\"http:\/\/simplon.ci\/\" style=\"color:#B3B3B3;\">Accueil<\/a> &gt; FAQ\t\t\t\t\t\t\t\t<\/div>\n\t\t\t\t<\/div>\n\t\t\t\t\t<\/div>\n\t\t\t\t<\/div>\n\t\t<div class=\"elementor-element elementor-element-f243a5f e-con-full e-flex e-con e-parent\" data-id=\"f243a5f\" data-element_type=\"container\" data-e-type=\"container\" data-settings=\"{&quot;background_background&quot;:&quot;classic&quot;}\">\n\t\t<div class=\"elementor-element elementor-element-da9e393 e-flex e-con-boxed e-con e-child\" data-id=\"da9e393\" data-element_type=\"container\" data-e-type=\"container\">\n\t\t\t\t\t<div class=\"e-con-inner\">\n\t\t\t\t<div class=\"elementor-element elementor-element-2968406 elementor-widget__width-initial elementor-widget-tablet__width-initial elementor-widget-mobile__width-initial elementor-widget elementor-widget-text-editor\" data-id=\"2968406\" data-element_type=\"widget\" data-e-type=\"widget\" data-widget_type=\"text-editor.default\">\n\t\t\t\t<div class=\"elementor-widget-container\">\n\t\t\t\t\t\t\t\t\t<p>Consultez notre FAQ sans tarder car il a \u00e9t\u00e9 con\u00e7u pour vous ! Vous pourriez y trouver des informations utiles.<\/p>\t\t\t\t\t\t\t\t<\/div>\n\t\t\t\t<\/div>\n\t\t\t\t\t<\/div>\n\t\t\t\t<\/div>\n\t\t<div class=\"elementor-element elementor-element-7eff12d e-flex e-con-boxed e-con e-child\" data-id=\"7eff12d\" data-element_type=\"container\" data-e-type=\"container\">\n\t\t\t\t\t<div class=\"e-con-inner\">\n\t\t<div class=\"elementor-element elementor-element-56895b8 e-grid e-con-boxed e-con e-child\" data-id=\"56895b8\" data-element_type=\"container\" data-e-type=\"container\">\n\t\t\t\t\t<div class=\"e-con-inner\">\n\t\t<div class=\"elementor-element elementor-element-b421337 e-flex e-con-boxed e-con e-child\" data-id=\"b421337\" data-element_type=\"container\" data-e-type=\"container\" data-settings=\"{&quot;background_background&quot;:&quot;classic&quot;}\">\n\t\t\t\t\t<div class=\"e-con-inner\">\n\t\t<div class=\"elementor-element elementor-element-99457e4 e-flex e-con-boxed e-con e-child\" data-id=\"99457e4\" data-element_type=\"container\" data-e-type=\"container\">\n\t\t\t\t\t<div class=\"e-con-inner\">\n\t\t\t\t<div class=\"elementor-element elementor-element-e316d3a elementor-widget elementor-widget-image\" data-id=\"e316d3a\" data-element_type=\"widget\" data-e-type=\"widget\" data-widget_type=\"image.default\">\n\t\t\t\t<div class=\"elementor-widget-container\">\n\t\t\t\t\t\t\t\t\t\t\t\t\t\t\t<img decoding=\"async\" src=\"https:\/\/workforce.simplon.ci\/n\/wp-content\/uploads\/2024\/04\/Group-359.png\" title=\"\" alt=\"\" loading=\"lazy\" \/>\t\t\t\t\t\t\t\t\t\t\t\t\t\t\t<\/div>\n\t\t\t\t<\/div>\n\t\t\t\t\t<\/div>\n\t\t\t\t<\/div>\n\t\t<div class=\"elementor-element elementor-element-53b70f7 e-flex e-con-boxed e-con e-child\" data-id=\"53b70f7\" data-element_type=\"container\" data-e-type=\"container\" data-settings=\"{&quot;background_background&quot;:&quot;classic&quot;}\">\n\t\t\t\t\t<div class=\"e-con-inner\">\n\t\t\t\t<div class=\"elementor-element elementor-element-9fd2953 elementor-widget elementor-widget-heading\" data-id=\"9fd2953\" data-element_type=\"widget\" data-e-type=\"widget\" data-widget_type=\"heading.default\">\n\t\t\t\t<div class=\"elementor-widget-container\">\n\t\t\t\t\t<h3 class=\"elementor-heading-title elementor-size-default\">Y a-t-il une limite d'\u00e2ge pour participer aux formations de Simplon CI ?<\/h3>\t\t\t\t<\/div>\n\t\t\t\t<\/div>\n\t\t\t\t<div class=\"elementor-element elementor-element-e0ea5ba elementor-widget elementor-widget-text-editor\" data-id=\"e0ea5ba\" data-element_type=\"widget\" data-e-type=\"widget\" data-widget_type=\"text-editor.default\">\n\t\t\t\t<div class=\"elementor-widget-container\">\n\t\t\t\t\t\t\t\t\t<p>Nous encourageons la diversit\u00e9 et l&rsquo;inclusion que vous soyez \u00e9tudiant, professionnel en reconversion, vous pouvez postuler \u00e0 nos formations \u00e0 condition d\u2019avoir au moins 18 ans.<\/p>\t\t\t\t\t\t\t\t<\/div>\n\t\t\t\t<\/div>\n\t\t\t\t<div class=\"elementor-element elementor-element-a4eb514 elementor-widget elementor-widget-image\" data-id=\"a4eb514\" data-element_type=\"widget\" data-e-type=\"widget\" data-widget_type=\"image.default\">\n\t\t\t\t<div class=\"elementor-widget-container\">\n\t\t\t\t\t\t\t\t\t\t\t\t\t\t\t<img decoding=\"async\" src=\"https:\/\/workforce.simplon.ci\/n\/wp-content\/uploads\/2024\/04\/SIMPLON_PICTOGRAMME_ISOTYPE_ROUGE_BLANC_RVB_DIALOGUER-1-1.png\" title=\"\" alt=\"\" loading=\"lazy\" \/>\t\t\t\t\t\t\t\t\t\t\t\t\t\t\t<\/div>\n\t\t\t\t<\/div>\n\t\t\t\t\t<\/div>\n\t\t\t\t<\/div>\n\t\t\t\t\t<\/div>\n\t\t\t\t<\/div>\n\t\t<div class=\"elementor-element elementor-element-2ba3399 e-flex e-con-boxed e-con e-child\" data-id=\"2ba3399\" data-element_type=\"container\" data-e-type=\"container\" data-settings=\"{&quot;background_background&quot;:&quot;classic&quot;}\">\n\t\t\t\t\t<div class=\"e-con-inner\">\n\t\t<div class=\"elementor-element elementor-element-f6de0f6 e-flex e-con-boxed e-con e-child\" data-id=\"f6de0f6\" data-element_type=\"container\" data-e-type=\"container\">\n\t\t\t\t\t<div class=\"e-con-inner\">\n\t\t\t\t<div class=\"elementor-element elementor-element-ba5526c elementor-widget elementor-widget-image\" data-id=\"ba5526c\" data-element_type=\"widget\" data-e-type=\"widget\" data-widget_type=\"image.default\">\n\t\t\t\t<div class=\"elementor-widget-container\">\n\t\t\t\t\t\t\t\t\t\t\t\t\t\t\t<img decoding=\"async\" src=\"https:\/\/workforce.simplon.ci\/n\/wp-content\/uploads\/2024\/04\/Group-359.png\" title=\"\" alt=\"\" loading=\"lazy\" \/>\t\t\t\t\t\t\t\t\t\t\t\t\t\t\t<\/div>\n\t\t\t\t<\/div>\n\t\t\t\t\t<\/div>\n\t\t\t\t<\/div>\n\t\t<div class=\"elementor-element elementor-element-87f6bf9 e-flex e-con-boxed e-con e-child\" data-id=\"87f6bf9\" data-element_type=\"container\" data-e-type=\"container\" data-settings=\"{&quot;background_background&quot;:&quot;classic&quot;}\">\n\t\t\t\t\t<div class=\"e-con-inner\">\n\t\t\t\t<div class=\"elementor-element elementor-element-74c8749 elementor-widget elementor-widget-heading\" data-id=\"74c8749\" data-element_type=\"widget\" data-e-type=\"widget\" data-widget_type=\"heading.default\">\n\t\t\t\t<div class=\"elementor-widget-container\">\n\t\t\t\t\t<h3 class=\"elementor-heading-title elementor-size-default\">Quelles sont les conditions \npour rejoindre les formations\nde Simplon CI ?\n<\/h3>\t\t\t\t<\/div>\n\t\t\t\t<\/div>\n\t\t\t\t<div class=\"elementor-element elementor-element-81719ee elementor-widget elementor-widget-text-editor\" data-id=\"81719ee\" data-element_type=\"widget\" data-e-type=\"widget\" data-widget_type=\"text-editor.default\">\n\t\t\t\t<div class=\"elementor-widget-container\">\n\t\t\t\t\t\t\t\t\t<p>Un appel \u00e0 candidatures est lanc\u00e9 sur nos pages sociales. Ainsi, nous invitons tous les individus int\u00e9ress\u00e9s \u00e0 postuler en remplissant notre formulaire en ligne.<\/p>\t\t\t\t\t\t\t\t<\/div>\n\t\t\t\t<\/div>\n\t\t\t\t<div class=\"elementor-element elementor-element-2f599d8 elementor-widget elementor-widget-image\" data-id=\"2f599d8\" data-element_type=\"widget\" data-e-type=\"widget\" data-widget_type=\"image.default\">\n\t\t\t\t<div class=\"elementor-widget-container\">\n\t\t\t\t\t\t\t\t\t\t\t\t\t\t\t<img decoding=\"async\" src=\"https:\/\/workforce.simplon.ci\/n\/wp-content\/uploads\/2024\/04\/SIMPLON_PICTOGRAMME_ISOTYPE_ROUGE_BLANC_RVB_DIALOGUER-1-1.png\" title=\"\" alt=\"\" loading=\"lazy\" \/>\t\t\t\t\t\t\t\t\t\t\t\t\t\t\t<\/div>\n\t\t\t\t<\/div>\n\t\t\t\t\t<\/div>\n\t\t\t\t<\/div>\n\t\t\t\t\t<\/div>\n\t\t\t\t<\/div>\n\t\t<div class=\"elementor-element elementor-element-073ec75 e-flex e-con-boxed e-con e-child\" data-id=\"073ec75\" data-element_type=\"container\" data-e-type=\"container\" data-settings=\"{&quot;background_background&quot;:&quot;classic&quot;}\">\n\t\t\t\t\t<div class=\"e-con-inner\">\n\t\t<div class=\"elementor-element elementor-element-7c93f28 e-flex e-con-boxed e-con e-child\" data-id=\"7c93f28\" data-element_type=\"container\" data-e-type=\"container\">\n\t\t\t\t\t<div class=\"e-con-inner\">\n\t\t\t\t<div class=\"elementor-element elementor-element-d38ef75 elementor-widget elementor-widget-image\" data-id=\"d38ef75\" data-element_type=\"widget\" data-e-type=\"widget\" data-widget_type=\"image.default\">\n\t\t\t\t<div class=\"elementor-widget-container\">\n\t\t\t\t\t\t\t\t\t\t\t\t\t\t\t<img decoding=\"async\" src=\"https:\/\/workforce.simplon.ci\/n\/wp-content\/uploads\/2024\/04\/Group-359.png\" title=\"\" alt=\"\" loading=\"lazy\" \/>\t\t\t\t\t\t\t\t\t\t\t\t\t\t\t<\/div>\n\t\t\t\t<\/div>\n\t\t\t\t\t<\/div>\n\t\t\t\t<\/div>\n\t\t<div class=\"elementor-element elementor-element-238fbd1 e-flex e-con-boxed e-con e-child\" data-id=\"238fbd1\" data-element_type=\"container\" data-e-type=\"container\" data-settings=\"{&quot;background_background&quot;:&quot;classic&quot;}\">\n\t\t\t\t\t<div class=\"e-con-inner\">\n\t\t\t\t<div class=\"elementor-element elementor-element-3993c59 elementor-widget elementor-widget-heading\" data-id=\"3993c59\" data-element_type=\"widget\" data-e-type=\"widget\" data-widget_type=\"heading.default\">\n\t\t\t\t<div class=\"elementor-widget-container\">\n\t\t\t\t\t<h3 class=\"elementor-heading-title elementor-size-default\">Simplon CI propose-t-il un accompagnement apr\u00e8s la fin des formations ?<\/h3>\t\t\t\t<\/div>\n\t\t\t\t<\/div>\n\t\t\t\t<div class=\"elementor-element elementor-element-9f4ef70 elementor-widget elementor-widget-text-editor\" data-id=\"9f4ef70\" data-element_type=\"widget\" data-e-type=\"widget\" data-widget_type=\"text-editor.default\">\n\t\t\t\t<div class=\"elementor-widget-container\">\n\t\t\t\t\t\t\t\t\t<p>Oui, nous accompagnons de nos apprenants m\u00eame apr\u00e8s la fin des formations. Nous proposons des programmes de mentorat pour soutenir nos alumni dans leur insertion professionnelle et leur d\u00e9veloppement de carri\u00e8re.<\/p>\t\t\t\t\t\t\t\t<\/div>\n\t\t\t\t<\/div>\n\t\t\t\t<div class=\"elementor-element elementor-element-8b123e5 elementor-widget elementor-widget-image\" data-id=\"8b123e5\" data-element_type=\"widget\" data-e-type=\"widget\" data-widget_type=\"image.default\">\n\t\t\t\t<div class=\"elementor-widget-container\">\n\t\t\t\t\t\t\t\t\t\t\t\t\t\t\t<img decoding=\"async\" src=\"https:\/\/workforce.simplon.ci\/n\/wp-content\/uploads\/2024\/04\/SIMPLON_PICTOGRAMME_ISOTYPE_ROUGE_BLANC_RVB_DIALOGUER-1-1.png\" title=\"\" alt=\"\" loading=\"lazy\" \/>\t\t\t\t\t\t\t\t\t\t\t\t\t\t\t<\/div>\n\t\t\t\t<\/div>\n\t\t\t\t\t<\/div>\n\t\t\t\t<\/div>\n\t\t\t\t\t<\/div>\n\t\t\t\t<\/div>\n\t\t\t\t\t<\/div>\n\t\t\t\t<\/div>\n\t\t\t\t\t<\/div>\n\t\t\t\t<\/div>\n\t\t\t\t<\/div>\n\t\t<div class=\"elementor-element elementor-element-cd3f6f5 e-flex e-con-boxed e-con e-parent\" data-id=\"cd3f6f5\" data-element_type=\"container\" data-e-type=\"container\">\n\t\t\t\t\t<div class=\"e-con-inner\">\n\t\t<div class=\"elementor-element elementor-element-c70b6de e-flex e-con-boxed e-con e-child\" data-id=\"c70b6de\" data-element_type=\"container\" data-e-type=\"container\">\n\t\t\t\t\t<div class=\"e-con-inner\">\n\t\t\t\t<div class=\"elementor-element elementor-element-5f2e7f6 elementor-widget elementor-widget-sina_accordion\" data-id=\"5f2e7f6\" data-element_type=\"widget\" data-e-type=\"widget\" data-widget_type=\"sina_accordion.default\">\n\t\t\t\t<div class=\"elementor-widget-container\">\n\t\t\t\t\t\t\t<div class=\"sina-accordion\"\r\n\t\tdata-open-first=\"\">\r\n\t\t\t\t\t\t\t<div class=\"sina-accordion-item elementor-repeater-item-60f8c35 \">\r\n\t\t\t\t\t<h4 class=\"sina-accordion-header sina-flex\">\r\n\t\t\t\t\t\t\t\t\t\t\t\tComment puis-je m'inscrire \u00e0 une formation chez Simplon C\u00f4te d'Ivoire ?\t\t\t\t\t\t\t\t\t\t\t\t\t<span class=\"sina-accordion-icon\">\r\n\t\t\t\t\t\t\t\t<i class=\"icofont icofont-plus off\"><\/i>\r\n\t\t\t\t\t\t\t\t<i class=\"fa fa-minus on\"><\/i>\r\n\t\t\t\t\t\t\t<\/span>\r\n\t\t\t\t\t\t\t\t\t\t\t<\/h4>\r\n\t\t\t\t\t<div class=\"sina-accordion-body\">\r\n\t\t\t\t\t\t\t\t\t\t\t\t\t\t<div class=\"sina-accordion-desc\">\r\n\t\t\t\t\t\t\t\t\tLorem ipsum dolor sit amet, consectetur adipisicing elit, sed do eiusmod tempor incididunt ut labore et dolore magna aliqua. Ut enim ad minim veniam, quis nostrud exercitation ullamco laboris nisi ut aliquip ex ea commodo consequat.\t\t\t\t\t\t\t\t<\/div>\r\n\t\t\t\t\t\t\t\t\t\t\t<\/div>\r\n\t\t\t\t<\/div>\r\n\t\t\t\t\t\t\t<div class=\"sina-accordion-item elementor-repeater-item-4b4d56e \">\r\n\t\t\t\t\t<h4 class=\"sina-accordion-header sina-flex\">\r\n\t\t\t\t\t\t\t\t\t\t\t\tQuelle est la dur\u00e9e des formations propos\u00e9es par Simplon CI ?\t\t\t\t\t\t\t\t\t\t\t\t\t<span class=\"sina-accordion-icon\">\r\n\t\t\t\t\t\t\t\t<i class=\"icofont icofont-plus off\"><\/i>\r\n\t\t\t\t\t\t\t\t<i class=\"fa fa-minus on\"><\/i>\r\n\t\t\t\t\t\t\t<\/span>\r\n\t\t\t\t\t\t\t\t\t\t\t<\/h4>\r\n\t\t\t\t\t<div class=\"sina-accordion-body\">\r\n\t\t\t\t\t\t\t\t\t\t\t\t\t\t<div class=\"sina-accordion-desc\">\r\n\t\t\t\t\t\t\t\t\tLorem ipsum dolor sit amet, consectetur adipisicing elit, sed do eiusmod tempor incididunt ut labore et dolore magna aliqua. Ut enim ad minim veniam, quis nostrud exercitation ullamco laboris nisi ut aliquip ex ea commodo consequat.\t\t\t\t\t\t\t\t<\/div>\r\n\t\t\t\t\t\t\t\t\t\t\t<\/div>\r\n\t\t\t\t<\/div>\r\n\t\t\t\t\t\t\t<div class=\"sina-accordion-item elementor-repeater-item-0ddab04 \">\r\n\t\t\t\t\t<h4 class=\"sina-accordion-header sina-flex\">\r\n\t\t\t\t\t\t\t\t\t\t\t\tQuels sont les diff\u00e9rents r\u00e9f\u00e9rentiels de formation disponibles chez Simplon CI ?\t\t\t\t\t\t\t\t\t\t\t\t\t<span class=\"sina-accordion-icon\">\r\n\t\t\t\t\t\t\t\t<i class=\"icofont icofont-plus off\"><\/i>\r\n\t\t\t\t\t\t\t\t<i class=\"fa fa-minus on\"><\/i>\r\n\t\t\t\t\t\t\t<\/span>\r\n\t\t\t\t\t\t\t\t\t\t\t<\/h4>\r\n\t\t\t\t\t<div class=\"sina-accordion-body\">\r\n\t\t\t\t\t\t\t\t\t\t\t\t\t\t<div class=\"sina-accordion-desc\">\r\n\t\t\t\t\t\t\t\t\tLorem ipsum dolor sit amet, consectetur adipisicing elit, sed do eiusmod tempor incididunt ut labore et dolore magna aliqua. Ut enim ad minim veniam, quis nostrud exercitation ullamco laboris nisi ut aliquip ex ea commodo consequat.\t\t\t\t\t\t\t\t<\/div>\r\n\t\t\t\t\t\t\t\t\t\t\t<\/div>\r\n\t\t\t\t<\/div>\r\n\t\t\t\t\t\t\t<div class=\"sina-accordion-item elementor-repeater-item-0359368 \">\r\n\t\t\t\t\t<h4 class=\"sina-accordion-header sina-flex\">\r\n\t\t\t\t\t\t\t\t\t\t\t\tEst-ce que Simplon CI propose des formations \u00e0 distance ou uniquement en pr\u00e9sentiel ?\t\t\t\t\t\t\t\t\t\t\t\t\t<span class=\"sina-accordion-icon\">\r\n\t\t\t\t\t\t\t\t<i class=\"icofont icofont-plus off\"><\/i>\r\n\t\t\t\t\t\t\t\t<i class=\"fa fa-minus on\"><\/i>\r\n\t\t\t\t\t\t\t<\/span>\r\n\t\t\t\t\t\t\t\t\t\t\t<\/h4>\r\n\t\t\t\t\t<div class=\"sina-accordion-body\">\r\n\t\t\t\t\t\t\t\t\t\t\t\t\t\t<div class=\"sina-accordion-desc\">\r\n\t\t\t\t\t\t\t\t\tLorem ipsum dolor sit amet, consectetur adipisicing elit, sed do eiusmod tempor incididunt ut labore et dolore magna aliqua. Ut enim ad minim veniam, quis nostrud exercitation ullamco laboris nisi ut aliquip ex ea commodo consequat.\t\t\t\t\t\t\t\t<\/div>\r\n\t\t\t\t\t\t\t\t\t\t\t<\/div>\r\n\t\t\t\t<\/div>\r\n\t\t\t\t\t\t\t<div class=\"sina-accordion-item elementor-repeater-item-83422a1 \">\r\n\t\t\t\t\t<h4 class=\"sina-accordion-header sina-flex\">\r\n\t\t\t\t\t\t\t\t\t\t\t\tComment puis-je contacter l'\u00e9quipe de Simplon CI pour poser des questions suppl\u00e9mentaires ?\t\t\t\t\t\t\t\t\t\t\t\t\t<span class=\"sina-accordion-icon\">\r\n\t\t\t\t\t\t\t\t<i class=\"icofont icofont-plus off\"><\/i>\r\n\t\t\t\t\t\t\t\t<i class=\"fa fa-minus on\"><\/i>\r\n\t\t\t\t\t\t\t<\/span>\r\n\t\t\t\t\t\t\t\t\t\t\t<\/h4>\r\n\t\t\t\t\t<div class=\"sina-accordion-body\">\r\n\t\t\t\t\t\t\t\t\t\t\t\t\t\t<div class=\"sina-accordion-desc\">\r\n\t\t\t\t\t\t\t\t\tLorem ipsum dolor sit amet, consectetur adipisicing elit, sed do eiusmod tempor incididunt ut labore et dolore magna aliqua. Ut enim ad minim veniam, quis nostrud exercitation ullamco laboris nisi ut aliquip ex ea commodo consequat.\t\t\t\t\t\t\t\t<\/div>\r\n\t\t\t\t\t\t\t\t\t\t\t<\/div>\r\n\t\t\t\t<\/div>\r\n\t\t\t\t\t<\/div><!-- .sina-accordion -->\r\n\t\t\t\t\t\t<\/div>\n\t\t\t\t<\/div>\n\t\t\t\t\t<\/div>\n\t\t\t\t<\/div>\n\t\t<div class=\"elementor-element elementor-element-5d0d5b2 e-flex e-con-boxed e-con e-child\" data-id=\"5d0d5b2\" data-element_type=\"container\" data-e-type=\"container\">\n\t\t\t\t\t<div class=\"e-con-inner\">\n\t\t\t\t<div class=\"elementor-element elementor-element-5c2c5ab elementor-widget elementor-widget-sina_accordion\" data-id=\"5c2c5ab\" data-element_type=\"widget\" data-e-type=\"widget\" data-widget_type=\"sina_accordion.default\">\n\t\t\t\t<div class=\"elementor-widget-container\">\n\t\t\t\t\t\t\t<div class=\"sina-accordion\"\r\n\t\tdata-open-first=\"\">\r\n\t\t\t\t\t\t\t<div class=\"sina-accordion-item elementor-repeater-item-60f8c35 \">\r\n\t\t\t\t\t<h4 class=\"sina-accordion-header sina-flex\">\r\n\t\t\t\t\t\t\t\t\t\t\t\tQuels sont les crit\u00e8res de s\u00e9lection pour les formations de Simplon CI ?\t\t\t\t\t\t\t\t\t\t\t\t\t<span class=\"sina-accordion-icon\">\r\n\t\t\t\t\t\t\t\t<i class=\"icofont icofont-plus off\"><\/i>\r\n\t\t\t\t\t\t\t\t<i class=\"fa fa-minus on\"><\/i>\r\n\t\t\t\t\t\t\t<\/span>\r\n\t\t\t\t\t\t\t\t\t\t\t<\/h4>\r\n\t\t\t\t\t<div class=\"sina-accordion-body\">\r\n\t\t\t\t\t\t\t\t\t\t\t\t\t\t<div class=\"sina-accordion-desc\">\r\n\t\t\t\t\t\t\t\t\tLorem ipsum dolor sit amet, consectetur adipisicing elit, sed do eiusmod tempor incididunt ut labore et dolore magna aliqua. Ut enim ad minim veniam, quis nostrud exercitation ullamco laboris nisi ut aliquip ex ea commodo consequat.\t\t\t\t\t\t\t\t<\/div>\r\n\t\t\t\t\t\t\t\t\t\t\t<\/div>\r\n\t\t\t\t<\/div>\r\n\t\t\t\t\t\t\t<div class=\"sina-accordion-item elementor-repeater-item-4b4d56e \">\r\n\t\t\t\t\t<h4 class=\"sina-accordion-header sina-flex\">\r\n\t\t\t\t\t\t\t\t\t\t\t\tEst-ce que les formations de Simplon CI sont gratuites ?\t\t\t\t\t\t\t\t\t\t\t\t\t<span class=\"sina-accordion-icon\">\r\n\t\t\t\t\t\t\t\t<i class=\"icofont icofont-plus off\"><\/i>\r\n\t\t\t\t\t\t\t\t<i class=\"fa fa-minus on\"><\/i>\r\n\t\t\t\t\t\t\t<\/span>\r\n\t\t\t\t\t\t\t\t\t\t\t<\/h4>\r\n\t\t\t\t\t<div class=\"sina-accordion-body\">\r\n\t\t\t\t\t\t\t\t\t\t\t\t\t\t<div class=\"sina-accordion-desc\">\r\n\t\t\t\t\t\t\t\t\tLorem ipsum dolor sit amet, consectetur adipisicing elit, sed do eiusmod tempor incididunt ut labore et dolore magna aliqua. Ut enim ad minim veniam, quis nostrud exercitation ullamco laboris nisi ut aliquip ex ea commodo consequat.\t\t\t\t\t\t\t\t<\/div>\r\n\t\t\t\t\t\t\t\t\t\t\t<\/div>\r\n\t\t\t\t<\/div>\r\n\t\t\t\t\t\t\t<div class=\"sina-accordion-item elementor-repeater-item-0ddab04 \">\r\n\t\t\t\t\t<h4 class=\"sina-accordion-header sina-flex\">\r\n\t\t\t\t\t\t\t\t\t\t\t\tQuels sont les pr\u00e9requis pour participer \u00e0 une formation chez Simplon CI ?\t\t\t\t\t\t\t\t\t\t\t\t\t<span class=\"sina-accordion-icon\">\r\n\t\t\t\t\t\t\t\t<i class=\"icofont icofont-plus off\"><\/i>\r\n\t\t\t\t\t\t\t\t<i class=\"fa fa-minus on\"><\/i>\r\n\t\t\t\t\t\t\t<\/span>\r\n\t\t\t\t\t\t\t\t\t\t\t<\/h4>\r\n\t\t\t\t\t<div class=\"sina-accordion-body\">\r\n\t\t\t\t\t\t\t\t\t\t\t\t\t\t<div class=\"sina-accordion-desc\">\r\n\t\t\t\t\t\t\t\t\tLorem ipsum dolor sit amet, consectetur adipisicing elit, sed do eiusmod tempor incididunt ut labore et dolore magna aliqua. Ut enim ad minim veniam, quis nostrud exercitation ullamco laboris nisi ut aliquip ex ea commodo consequat.\t\t\t\t\t\t\t\t<\/div>\r\n\t\t\t\t\t\t\t\t\t\t\t<\/div>\r\n\t\t\t\t<\/div>\r\n\t\t\t\t\t\t\t<div class=\"sina-accordion-item elementor-repeater-item-0359368 \">\r\n\t\t\t\t\t<h4 class=\"sina-accordion-header sina-flex\">\r\n\t\t\t\t\t\t\t\t\t\t\t\tQuels sont les perspectives d'emploi apr\u00e8s avoir suivi une formation chez Simplon CI ?\t\t\t\t\t\t\t\t\t\t\t\t\t<span class=\"sina-accordion-icon\">\r\n\t\t\t\t\t\t\t\t<i class=\"icofont icofont-plus off\"><\/i>\r\n\t\t\t\t\t\t\t\t<i class=\"fa fa-minus on\"><\/i>\r\n\t\t\t\t\t\t\t<\/span>\r\n\t\t\t\t\t\t\t\t\t\t\t<\/h4>\r\n\t\t\t\t\t<div class=\"sina-accordion-body\">\r\n\t\t\t\t\t\t\t\t\t\t\t\t\t\t<div class=\"sina-accordion-desc\">\r\n\t\t\t\t\t\t\t\t\tLorem ipsum dolor sit amet, consectetur adipisicing elit, sed do eiusmod tempor incididunt ut labore et dolore magna aliqua. Ut enim ad minim veniam, quis nostrud exercitation ullamco laboris nisi ut aliquip ex ea commodo consequat.\t\t\t\t\t\t\t\t<\/div>\r\n\t\t\t\t\t\t\t\t\t\t\t<\/div>\r\n\t\t\t\t<\/div>\r\n\t\t\t\t\t\t\t<div class=\"sina-accordion-item elementor-repeater-item-83422a1 \">\r\n\t\t\t\t\t<h4 class=\"sina-accordion-header sina-flex\">\r\n\t\t\t\t\t\t\t\t\t\t\t\tEst-ce que Simplon CI propose des formations pour les entreprises et les professionnels en reconversion ?\t\t\t\t\t\t\t\t\t\t\t\t\t<span class=\"sina-accordion-icon\">\r\n\t\t\t\t\t\t\t\t<i class=\"icofont icofont-plus off\"><\/i>\r\n\t\t\t\t\t\t\t\t<i class=\"fa fa-minus on\"><\/i>\r\n\t\t\t\t\t\t\t<\/span>\r\n\t\t\t\t\t\t\t\t\t\t\t<\/h4>\r\n\t\t\t\t\t<div class=\"sina-accordion-body\">\r\n\t\t\t\t\t\t\t\t\t\t\t\t\t\t<div class=\"sina-accordion-desc\">\r\n\t\t\t\t\t\t\t\t\tLorem ipsum dolor sit amet, consectetur adipisicing elit, sed do eiusmod tempor incididunt ut labore et dolore magna aliqua. Ut enim ad minim veniam, quis nostrud exercitation ullamco laboris nisi ut aliquip ex ea commodo consequat.\t\t\t\t\t\t\t\t<\/div>\r\n\t\t\t\t\t\t\t\t\t\t\t<\/div>\r\n\t\t\t\t<\/div>\r\n\t\t\t\t\t<\/div><!-- .sina-accordion -->\r\n\t\t\t\t\t\t<\/div>\n\t\t\t\t<\/div>\n\t\t\t\t\t<\/div>\n\t\t\t\t<\/div>\n\t\t\t\t\t<\/div>\n\t\t\t\t<\/div>\n\t\t\t\t<\/div>\n\t\t","protected":false},"excerpt":{"rendered":"<p>Toutes vos r\u00e9ponses sont ici Accueil &gt; FAQ Consultez notre FAQ sans tarder car il a \u00e9t\u00e9 con\u00e7u pour vous [&hellip;]<\/p>\n","protected":false},"author":1,"featured_media":0,"parent":0,"menu_order":0,"comment_status":"closed","ping_status":"closed","template":"","meta":{"_acf_changed":false,"site-sidebar-layout":"no-sidebar","site-content-layout":"","ast-site-content-layout":"full-width-container","site-content-style":"default","site-sidebar-style":"default","ast-global-header-display":"","ast-banner-title-visibility":"","ast-main-header-display":"","ast-hfb-above-header-display":"","ast-hfb-below-header-display":"","ast-hfb-mobile-header-display":"","site-post-title":"disabled","ast-breadcrumbs-content":"","ast-featured-img":"disabled","footer-sml-layout":"","theme-transparent-header-meta":"","adv-header-id-meta":"","stick-header-meta":"","header-above-stick-meta":"","header-main-stick-meta":"","header-below-stick-meta":"","astra-migrate-meta-layouts":"default","ast-page-background-enabled":"default","ast-page-background-meta":{"desktop":{"background-color":"var(--ast-global-color-4)","background-image":"","background-repeat":"repeat","background-position":"center center","background-size":"auto","background-attachment":"scroll","background-type":"","background-media":"","overlay-type":"","overlay-color":"","overlay-opacity":"","overlay-gradient":""},"tablet":{"background-color":"","background-image":"","background-repeat":"repeat","background-position":"center center","background-size":"auto","background-attachment":"scroll","background-type":"","background-media":"","overlay-type":"","overlay-color":"","overlay-opacity":"","overlay-gradient":""},"mobile":{"background-color":"","background-image":"","background-repeat":"repeat","background-position":"center center","background-size":"auto","background-attachment":"scroll","background-type":"","background-media":"","overlay-type":"","overlay-color":"","overlay-opacity":"","overlay-gradient":""}},"ast-content-background-meta":{"desktop":{"background-color":"var(--ast-global-color-5)","background-image":"","background-repeat":"repeat","background-position":"center center","background-size":"auto","background-attachment":"scroll","background-type":"","background-media":"","overlay-type":"","overlay-color":"","overlay-opacity":"","overlay-gradient":""},"tablet":{"background-color":"var(--ast-global-color-5)","background-image":"","background-repeat":"repeat","background-position":"center center","background-size":"auto","background-attachment":"scroll","background-type":"","background-media":"","overlay-type":"","overlay-color":"","overlay-opacity":"","overlay-gradient":""},"mobile":{"background-color":"var(--ast-global-color-5)","background-image":"","background-repeat":"repeat","background-position":"center center","background-size":"auto","background-attachment":"scroll","background-type":"","background-media":"","overlay-type":"","overlay-color":"","overlay-opacity":"","overlay-gradient":""}},"pgc_sgb_lightbox_settings":"","footnotes":""},"class_list":["post-144","page","type-page","status-publish","hentry"],"acf":[],"_links":{"self":[{"href":"https:\/\/workforce.simplon.ci\/index.php\/wp-json\/wp\/v2\/pages\/144","targetHints":{"allow":["GET"]}}],"collection":[{"href":"https:\/\/workforce.simplon.ci\/index.php\/wp-json\/wp\/v2\/pages"}],"about":[{"href":"https:\/\/workforce.simplon.ci\/index.php\/wp-json\/wp\/v2\/types\/page"}],"author":[{"embeddable":true,"href":"https:\/\/workforce.simplon.ci\/index.php\/wp-json\/wp\/v2\/users\/1"}],"replies":[{"embeddable":true,"href":"https:\/\/workforce.simplon.ci\/index.php\/wp-json\/wp\/v2\/comments?post=144"}],"version-history":[{"count":9,"href":"https:\/\/workforce.simplon.ci\/index.php\/wp-json\/wp\/v2\/pages\/144\/revisions"}],"predecessor-version":[{"id":1849,"href":"https:\/\/workforce.simplon.ci\/index.php\/wp-json\/wp\/v2\/pages\/144\/revisions\/1849"}],"wp:attachment":[{"href":"https:\/\/workforce.simplon.ci\/index.php\/wp-json\/wp\/v2\/media?parent=144"}],"curies":[{"name":"wp","href":"https:\/\/api.w.org\/{rel}","templated":true}]}}